{"id":42,"date":"2020-07-19T19:40:25","date_gmt":"2020-07-19T19:40:25","guid":{"rendered":"http:\/\/apybingenieria.com\/?page_id=42"},"modified":"2020-08-20T01:26:46","modified_gmt":"2020-08-20T01:26:46","slug":"quienes-somos","status":"publish","type":"page","link":"https:\/\/apybingenieria.com\/?page_id=42","title":{"rendered":"\u00bfQui\u00e9nes somos?"},"content":{"rendered":"\n<hr class=\"wp-block-separator has-text-color has-background is-style-wide\" style=\"background-color:#57ce23;color:#57ce23\"\/>\n\n\n\n<div class=\"wp-block-columns\">\n<div class=\"wp-block-column\" style=\"flex-basis:66.66%\">\n<p class=\"has-background\" style=\"background-color:#fcfcfc\">Somos una empresa integrada por un grupo interdisciplinario de profesionistas con gran din\u00e1mica, acorde a las nuevas condiciones y necesidades que nuestro pa\u00eds demanda, por tal raz\u00f3n, nuestro personal cuenta con una gran experiencia en las diferentes \u00e1reas de los servicios que ofrecemos.<br>Desarrollamos una correcta aplicaci\u00f3n tecnol\u00f3gica, combinada con procesos para la soluci\u00f3n adecuada de cada proyecto, respetando las normatividades aplicables a cada caso, adem\u00e1s de siempre tomar en cuenta los recursos, condiciones y costumbres locales para el \u00e9xito y calidad de cada uno de nuestros trabajos; lo cual siempre ser\u00e1 nuestro primordial objetivo.<\/p>\n<\/div>\n\n\n\n<div class=\"wp-block-column\" style=\"flex-basis:33.33%\">\n<figure class=\"wp-block-image size-large is-resized is-style-rounded\"><img loading=\"lazy\" src=\"http:\/\/apybingenieria.com\/wp-content\/uploads\/2020\/07\/la-foto-765x1024.jpg\" alt=\"\" class=\"wp-image-44\" width=\"448\" height=\"597\"\/><\/figure>\n<\/div>\n<\/div>\n","protected":false},"excerpt":{"rendered":"<p>Somos una empresa integrada por un grupo interdisciplinario de profesionistas con gran din\u00e1mica, acorde a las nuevas condiciones y necesidades que nuestro pa\u00eds demanda, por tal raz\u00f3n, nuestro personal cuenta con una gran experiencia en las diferentes \u00e1reas de los servicios que ofrecemos.Desarrollamos una correcta aplicaci\u00f3n tecnol\u00f3gica, combinada con procesos&hellip;<\/p>\n","protected":false},"author":1,"featured_media":0,"parent":0,"menu_order":1,"comment_status":"closed","ping_status":"closed","template":"","meta":[],"_links":{"self":[{"href":"https:\/\/apybingenieria.com\/index.php?rest_route=\/wp\/v2\/pages\/42"}],"collection":[{"href":"https:\/\/apybingenieria.com\/index.php?rest_route=\/wp\/v2\/pages"}],"about":[{"href":"https:\/\/apybingenieria.com\/index.php?rest_route=\/wp\/v2\/types\/page"}],"author":[{"embeddable":true,"href":"https:\/\/apybingenieria.com\/index.php?rest_route=\/wp\/v2\/users\/1"}],"replies":[{"embeddable":true,"href":"https:\/\/apybingenieria.com\/index.php?rest_route=%2Fwp%2Fv2%2Fcomments&post=42"}],"version-history":[{"count":12,"href":"https:\/\/apybingenieria.com\/index.php?rest_route=\/wp\/v2\/pages\/42\/revisions"}],"predecessor-version":[{"id":182,"href":"https:\/\/apybingenieria.com\/index.php?rest_route=\/wp\/v2\/pages\/42\/revisions\/182"}],"wp:attachment":[{"href":"https:\/\/apybingenieria.com\/index.php?rest_route=%2Fwp%2Fv2%2Fmedia&parent=42"}],"curies":[{"name":"wp","href":"https:\/\/api.w.org\/{rel}","templated":true}]}}