{"id":94,"date":"2020-07-20T00:49:58","date_gmt":"2020-07-20T00:49:58","guid":{"rendered":"http:\/\/apybingenieria.com\/?page_id=94"},"modified":"2020-10-25T03:13:17","modified_gmt":"2020-10-25T03:13:17","slug":"servicios","status":"publish","type":"page","link":"https:\/\/apybingenieria.com\/","title":{"rendered":"Servicios"},"content":{"rendered":"\n<div class=\"wp-block-columns\">\n<div class=\"wp-block-column\">\n<div class=\"wp-block-image is-style-rounded\"><figure class=\"aligncenter size-large\"><img loading=\"lazy\" width=\"960\" height=\"720\" src=\"http:\/\/apybingenieria.com\/wp-content\/uploads\/2020\/07\/valuaci\u00f3n.jpg\" alt=\"\" class=\"wp-image-95\" title=\"\" srcset=\"https:\/\/apybingenieria.com\/wp-content\/uploads\/2020\/07\/valuaci\u00f3n.jpg 960w, https:\/\/apybingenieria.com\/wp-content\/uploads\/2020\/07\/valuaci\u00f3n-300x225.jpg 300w, https:\/\/apybingenieria.com\/wp-content\/uploads\/2020\/07\/valuaci\u00f3n-768x576.jpg 768w\" sizes=\"(max-width: 960px) 100vw, 960px\" \/><\/figure><\/div>\n\n\n\n<p class=\"has-text-color has-background\" style=\"background-color:#fcfcfc;color:#2f7409\">AVAL\u00daOS INMOBILIARIOS<\/p>\n\n\n\n<p class=\"has-text-color has-background has-normal-font-size\" style=\"background-color:#fcfcfc;color:#0e4157\">&#8211; Aval\u00faos INFONAVIT<br>&#8211; Aval\u00faos FOVISSSTE<br>&#8211; Aval\u00faos comerciales (compra y venta)<br>&#8211; Avaluos catastrales (impuesto predial)<br>&#8211; Avaluos fiscales (escrituraci\u00f3n, regularizaci\u00f3n de construcciones, cambios de uso de suelo, fusi\u00f3n y subdivisi\u00f3n de predios)<br>&#8211; Aval\u00faos para juicios<br>&#8211; Aval\u00faos de Maquinaria y equipo<br>&#8211; Aval\u00faos de Negocios en marcha<br>&#8211; Estudios de Factibilidad<br>&#8211; Reg\u00edmenes en condominio<br><br>SE TIENEN LOS&nbsp;<strong>REGISTROS ANTE LA AUTORIDAD COMPETENTE<\/strong>&nbsp;PARA LA ELABORACI\u00d3N DE CADA UNO DE LOS AVAL\u00daOS DESCRITOS CON ANTERIORIDAD.<br><br><\/p>\n<\/div>\n\n\n\n<div class=\"wp-block-column\">\n<figure class=\"wp-block-image size-large is-style-rounded\"><img loading=\"lazy\" width=\"960\" height=\"720\" src=\"http:\/\/apybingenieria.com\/wp-content\/uploads\/2020\/07\/topo.jpg\" alt=\"\" class=\"wp-image-96\" srcset=\"https:\/\/apybingenieria.com\/wp-content\/uploads\/2020\/07\/topo.jpg 960w, https:\/\/apybingenieria.com\/wp-content\/uploads\/2020\/07\/topo-300x225.jpg 300w, https:\/\/apybingenieria.com\/wp-content\/uploads\/2020\/07\/topo-768x576.jpg 768w\" sizes=\"(max-width: 960px) 100vw, 960px\" \/><\/figure>\n\n\n\n<p class=\"has-text-color has-background\" style=\"background-color:#fcfcfc;color:#2f7409\">TOPOGRAF\u00cdA<\/p>\n\n\n\n<p class=\"has-text-color has-background\" style=\"background-color:#fcfcfc;color:#0e4157\">&#8211; Planimetr\u00eda, altimetr\u00eda y taquimetr\u00eda. <br>&#8211; Levantamientos topograf\u00edcos de predios urbanos, rurales y ejidales.<br>&#8211; Urbanizaciones y lotificaciones, Fraccionamientos<br>&#8211; Subdivisi\u00f3n de predios<br>&#8211; Planos topogr\u00e1ficos<br>&#8211; Peritajes Topogr\u00e1ficos<br>&#8211; Levantamientos topogr\u00e1ficos referenciados a cordenadas geograficas y UTM.<br>&#8211; Control horizontal y vertical de obras civiles.<br><br>TODOS LOS TRABAJOS SE REALIZAN CON EQUIPO DE \u00daLTIMA TECNOLOG\u00cdA; ESTACI\u00d3N TOTAL, NIVEL ELECTR\u00d3NICO Y GPS, ADEM\u00c1S DE QUE LOS REALIZA&nbsp;<strong>PERITO EXPERTO EN LA MATERIA<\/strong>.<\/p>\n<\/div>\n<\/div>\n\n\n\n<div class=\"wp-block-columns\">\n<div class=\"wp-block-column\">\n<figure class=\"wp-block-image size-full is-style-rounded\"><img loading=\"lazy\" width=\"600\" height=\"800\" src=\"https:\/\/apybingenieria.com\/wp-content\/uploads\/2020\/07\/mex.jpg\" alt=\"\" class=\"wp-image-97\" srcset=\"https:\/\/apybingenieria.com\/wp-content\/uploads\/2020\/07\/mex.jpg 600w, https:\/\/apybingenieria.com\/wp-content\/uploads\/2020\/07\/mex-225x300.jpg 225w\" sizes=\"(max-width: 600px) 100vw, 600px\" \/><figcaption><br><br><br><br><br><br><br><br><br><br><br><br><br><br><br><br><br><br><br><br><\/figcaption><\/figure>\n<\/div>\n\n\n\n<div class=\"wp-block-column\">\n<p class=\"has-text-color has-background\" style=\"background-color:#fcfcfc;color:#2f7409\">INGENIER\u00cdA CIVIL Y ARQUITECTURA<\/p>\n\n\n\n<p class=\"has-text-color has-background\" style=\"background-color:#fcfcfc;color:#0e4157\">&#8211; Supervisi\u00f3n y control de obra civil<br>&#8211; Construcci\u00f3n de inmuebles y obras de infraestructura<br>&#8211; Restauraci\u00f3n de inmuebles hist\u00f3ricos<br>&#8211; Peritajes y dict\u00e1menes<br>&#8211; Elaboraci\u00f3n de planos<br>&#8211; Mantenimiento, ampliaci\u00f3n y remodelaci\u00f3n de inmuebles<br>&#8211; Dise\u00f1o arquitect\u00f3nico<br>&#8211; C\u00e1lculo y dise\u00f1o estructural<br>&#8211; Revisi\u00f3n estructural<br>&#8211; Mec\u00e1nica de Suelos<br>&#8211; Elaboraci\u00f3n de proyectos<br>&#8211; Estudios hidr\u00e1ulicos e hidrol\u00f3gicos<br><br>TODOS LOS TRABAJOS SE REALIZAN POR <strong>PERITOS Y EXPERTOS EN LA MATERIA<\/strong>.<\/p>\n<\/div>\n<\/div>\n\n\n\n<p><\/p>\n","protected":false},"excerpt":{"rendered":"<p>AVAL\u00daOS INMOBILIARIOS &#8211; Aval\u00faos INFONAVIT&#8211; Aval\u00faos FOVISSSTE&#8211; Aval\u00faos comerciales (compra y venta)&#8211; Avaluos catastrales (impuesto predial)&#8211; Avaluos fiscales (escrituraci\u00f3n, regularizaci\u00f3n de construcciones, cambios de uso de suelo, fusi\u00f3n y subdivisi\u00f3n de predios)&#8211; Aval\u00faos para juicios&#8211; Aval\u00faos de Maquinaria y equipo&#8211; Aval\u00faos de Negocios en marcha&#8211; Estudios de Factibilidad&#8211; Reg\u00edmenes en&hellip;<\/p>\n","protected":false},"author":1,"featured_media":0,"parent":0,"menu_order":0,"comment_status":"closed","ping_status":"closed","template":"","meta":[],"_links":{"self":[{"href":"https:\/\/apybingenieria.com\/index.php?rest_route=\/wp\/v2\/pages\/94"}],"collection":[{"href":"https:\/\/apybingenieria.com\/index.php?rest_route=\/wp\/v2\/pages"}],"about":[{"href":"https:\/\/apybingenieria.com\/index.php?rest_route=\/wp\/v2\/types\/page"}],"author":[{"embeddable":true,"href":"https:\/\/apybingenieria.com\/index.php?rest_route=\/wp\/v2\/users\/1"}],"replies":[{"embeddable":true,"href":"https:\/\/apybingenieria.com\/index.php?rest_route=%2Fwp%2Fv2%2Fcomments&post=94"}],"version-history":[{"count":16,"href":"https:\/\/apybingenieria.com\/index.php?rest_route=\/wp\/v2\/pages\/94\/revisions"}],"predecessor-version":[{"id":217,"href":"https:\/\/apybingenieria.com\/index.php?rest_route=\/wp\/v2\/pages\/94\/revisions\/217"}],"wp:attachment":[{"href":"https:\/\/apybingenieria.com\/index.php?rest_route=%2Fwp%2Fv2%2Fmedia&parent=94"}],"curies":[{"name":"wp","href":"https:\/\/api.w.org\/{rel}","templated":true}]}}